{"id":73,"date":"2023-06-06T17:16:29","date_gmt":"2023-06-06T17:16:29","guid":{"rendered":"https:\/\/jcpodvin.si\/?page_id=73"},"modified":"2023-09-01T15:30:08","modified_gmt":"2023-09-01T15:30:08","slug":"cenik","status":"publish","type":"page","link":"https:\/\/jcpodvin.si\/index.php\/cenik\/","title":{"rendered":"Cenik"},"content":{"rendered":"\n<figure class=\"wp-block-table is-style-regular\"><table><tbody><tr><td class=\"has-text-align-center\" data-align=\"center\"><strong>Storitev<\/strong><\/td><td><strong>Opis<\/strong><\/td><td class=\"has-text-align-center\" data-align=\"center\"><strong>Cena (eur)<\/strong><\/td><\/tr><tr><td class=\"has-text-align-center\" data-align=\"center\">1<\/td><td>1 x u\u010denje jahanja na lon\u017ei<\/td><td class=\"has-text-align-center\" data-align=\"center\">20\u20ac<\/td><\/tr><tr><td class=\"has-text-align-center\" data-align=\"center\">2<\/td><td>Paket 10-ih lon\u017e + 1 x gratis<\/td><td class=\"has-text-align-center\" data-align=\"center\">200\u20ac<\/td><\/tr><tr><td class=\"has-text-align-center\" data-align=\"center\">3<\/td><td>1 x u\u010denje za\u010detni te\u010daj 1 ( znanje do JAHA\u010c 1)<\/td><td class=\"has-text-align-center\" data-align=\"center\">25\u20ac<\/td><\/tr><tr><td class=\"has-text-align-center\" data-align=\"center\">4<\/td><td>Paket 10-ih u\u010denj za\u010detni te\u010daj + 1 x gratis<\/td><td class=\"has-text-align-center\" data-align=\"center\">250\u20ac<\/td><\/tr><tr><td class=\"has-text-align-center\" data-align=\"center\">5<\/td><td>1 x u\u010denje za\u010detni te\u010daj 2 ( znanje do JAHA\u010c 2)<\/td><td class=\"has-text-align-center\" data-align=\"center\">30\u20ac<\/td><\/tr><tr><td class=\"has-text-align-center\" data-align=\"center\">6<\/td><td>Paket 10-ih u\u010denj za\u010detni te\u010daj 2 + 1 x gratis<\/td><td class=\"has-text-align-center\" data-align=\"center\">300\u20ac<\/td><\/tr><tr><td class=\"has-text-align-center\" data-align=\"center\">7<\/td><td>1 x u\u010denje nadaljevalni te\u010daj (dresura, skakanje)<\/td><td class=\"has-text-align-center\" data-align=\"center\">35\u20ac<\/td><\/tr><tr><td class=\"has-text-align-center\" data-align=\"center\">8<\/td><td>Paket 10-ih u\u010denj nadaljevalni te\u010daj + 1x gratis (dresura, skakanje)<\/td><td class=\"has-text-align-center\" data-align=\"center\">350\u20ac<\/td><\/tr><tr><td class=\"has-text-align-center\" data-align=\"center\">9<\/td><td>1 x u\u010denje volta\u017eiranje 15,00<\/td><td class=\"has-text-align-center\" data-align=\"center\">20\u20ac<\/td><\/tr><tr><td class=\"has-text-align-center\" data-align=\"center\">10<\/td><td>Paket 10-ih u\u010denj volta\u017eiranje + 1 x gratis <\/td><td class=\"has-text-align-center\" data-align=\"center\">200\u20ac<\/td><\/tr><tr><td class=\"has-text-align-center\" data-align=\"center\">11<\/td><td>Terenska je\u017ea (60 minut) (zahtevano znanje jaha\u010d 2)<\/td><td class=\"has-text-align-center\" data-align=\"center\">30\u20ac<\/td><\/tr><\/tbody><\/table><figcaption class=\"wp-element-caption\">Cenik storitev &#8211; Jahalni center Podvin, 1.9.2023<\/figcaption><\/figure>\n\n\n\n<p>\u010casovni okvir u\u010denja: (volta\u017eiranje in lon\u017ea 20 minut, za\u010detni te\u010daji 30 minut, nadaljevalni te\u010daji jahanja 30 minut, treningi 30 minut ali ve\u010d).<\/p>\n\n\n\n<p class=\"has-vivid-red-color has-text-color\">Rezervirane termine je potrebno odpovedati vsaj 24 ur prej, v nasprotnem primeru se jahalna ura obra\u010duna!<\/p>\n","protected":false},"excerpt":{"rendered":"<p>Storitev Opis Cena (eur) 1 1 x u\u010denje jahanja na lon\u017ei 20\u20ac 2 Paket 10-ih lon\u017e + 1 x gratis 200\u20ac 3 1 x u\u010denje za\u010detni te\u010daj 1 ( znanje do JAHA\u010c 1) 25\u20ac 4 Paket 10-ih u\u010denj za\u010detni te\u010daj + 1 x gratis 250\u20ac 5 1 x u\u010denje za\u010detni te\u010daj 2 ( znanje do &hellip; <\/p>\n<p class=\"link-more\"><a href=\"https:\/\/jcpodvin.si\/index.php\/cenik\/\" class=\"more-link\">Preberi ve\u010d<span class=\"screen-reader-text\"> &#8220;Cenik&#8221;<\/span><\/a><\/p>\n","protected":false},"author":2,"featured_media":0,"parent":0,"menu_order":0,"comment_status":"closed","ping_status":"closed","template":"","meta":{"footnotes":""},"class_list":["post-73","page","type-page","status-publish","hentry"],"_links":{"self":[{"href":"https:\/\/jcpodvin.si\/index.php\/wp-json\/wp\/v2\/pages\/73","targetHints":{"allow":["GET"]}}],"collection":[{"href":"https:\/\/jcpodvin.si\/index.php\/wp-json\/wp\/v2\/pages"}],"about":[{"href":"https:\/\/jcpodvin.si\/index.php\/wp-json\/wp\/v2\/types\/page"}],"author":[{"embeddable":true,"href":"https:\/\/jcpodvin.si\/index.php\/wp-json\/wp\/v2\/users\/2"}],"replies":[{"embeddable":true,"href":"https:\/\/jcpodvin.si\/index.php\/wp-json\/wp\/v2\/comments?post=73"}],"version-history":[{"count":5,"href":"https:\/\/jcpodvin.si\/index.php\/wp-json\/wp\/v2\/pages\/73\/revisions"}],"predecessor-version":[{"id":189,"href":"https:\/\/jcpodvin.si\/index.php\/wp-json\/wp\/v2\/pages\/73\/revisions\/189"}],"wp:attachment":[{"href":"https:\/\/jcpodvin.si\/index.php\/wp-json\/wp\/v2\/media?parent=73"}],"curies":[{"name":"wp","href":"https:\/\/api.w.org\/{rel}","templated":true}]}}