{"id":8,"date":"2023-05-24T19:07:20","date_gmt":"2023-05-24T19:07:20","guid":{"rendered":"https:\/\/jcpodvin.si\/?page_id=8"},"modified":"2023-06-11T06:36:09","modified_gmt":"2023-06-11T06:36:09","slug":"domov","status":"publish","type":"page","link":"https:\/\/jcpodvin.si\/","title":{"rendered":"Domov"},"content":{"rendered":"\n<p><strong>JAHALNI CENTER PODVIN<\/strong><\/p>\n\n\n\n<figure class=\"wp-block-image size-full\"><img loading=\"lazy\" decoding=\"async\" width=\"960\" height=\"720\" src=\"https:\/\/jcpodvin.si\/wp-content\/uploads\/2023\/06\/Jahalni-center-podvin-grega-mihelcic-jahac-1.jpg\" alt=\"\" class=\"wp-image-135\" srcset=\"https:\/\/jcpodvin.si\/wp-content\/uploads\/2023\/06\/Jahalni-center-podvin-grega-mihelcic-jahac-1.jpg 960w, https:\/\/jcpodvin.si\/wp-content\/uploads\/2023\/06\/Jahalni-center-podvin-grega-mihelcic-jahac-1-300x225.jpg 300w, https:\/\/jcpodvin.si\/wp-content\/uploads\/2023\/06\/Jahalni-center-podvin-grega-mihelcic-jahac-1-768x576.jpg 768w\" sizes=\"auto, (max-width: 767px) 89vw, (max-width: 1000px) 54vw, (max-width: 1071px) 543px, 580px\" \/><\/figure>\n\n\n\n<p><br><a href=\"https:\/\/jcpodvin.si\/\">Jahalni center Podvin<\/a> je nastal leta 1986 z namenom, da bi nudil strokovno delo z jaha\u010di in konji.<\/p>\n\n\n\n<p>Pokrita in zaprta osvetljena jahalnica, travnat trening prostor, izpusti za konje ter hlev s sedlarnico, garderobo in sanitarijami omogo\u010dajo kvaliteto. U\u010denje jahanja poteka pod strokovnim vodstvom Grege Mihel\u010di\u010da, u\u010ditelja z mednarodno licenco.<\/p>\n\n\n\n<p>Spo\u0161tovani ljubitelji konj in konjeni\u0161kega \u0161porta! Morda se boste vpra\u0161ali zakaj ravno jahalni center Podvin? Na\u0161 glavni argument je, da smo majhni in si vzamemo \u010das, da se dobro posvetimo vsakemu konju in jaha\u010du. Z natan\u010dnim in kvalitetnim delom ustvarjamo dobro delovno vzdu\u0161je. Vrhunski pogoji za treninge in strokovno delo omogo\u010dajo tudi dobre rezultate, ki so v veselje nam in vam.<\/p>\n\n\n\n<p>U\u010ditelj jahanja v Jahalnem centru Podvin je Grega Mihel\u010di\u010d. Za u\u010denje ima veljavno licenco pri <a href=\"https:\/\/www.konj-zveza.org\/\" target=\"_blank\" rel=\"noreferrer noopener\">Konjeni\u0161ki zvezi Slovenije<\/a>.<\/p>\n\n\n\n<p><\/p>\n","protected":false},"excerpt":{"rendered":"<p>JAHALNI CENTER PODVIN Jahalni center Podvin je nastal leta 1986 z namenom, da bi nudil strokovno delo z jaha\u010di in konji. Pokrita in zaprta osvetljena jahalnica, travnat trening prostor, izpusti za konje ter hlev s sedlarnico, garderobo in sanitarijami omogo\u010dajo kvaliteto. U\u010denje jahanja poteka pod strokovnim vodstvom Grege Mihel\u010di\u010da, u\u010ditelja z mednarodno licenco. Spo\u0161tovani ljubitelji &hellip; <\/p>\n<p class=\"link-more\"><a href=\"https:\/\/jcpodvin.si\/\" class=\"more-link\">Preberi ve\u010d<span class=\"screen-reader-text\"> &#8220;Domov&#8221;<\/span><\/a><\/p>\n","protected":false},"author":2,"featured_media":0,"parent":0,"menu_order":0,"comment_status":"closed","ping_status":"closed","template":"","meta":{"footnotes":""},"class_list":["post-8","page","type-page","status-publish","hentry"],"_links":{"self":[{"href":"https:\/\/jcpodvin.si\/index.php\/wp-json\/wp\/v2\/pages\/8","targetHints":{"allow":["GET"]}}],"collection":[{"href":"https:\/\/jcpodvin.si\/index.php\/wp-json\/wp\/v2\/pages"}],"about":[{"href":"https:\/\/jcpodvin.si\/index.php\/wp-json\/wp\/v2\/types\/page"}],"author":[{"embeddable":true,"href":"https:\/\/jcpodvin.si\/index.php\/wp-json\/wp\/v2\/users\/2"}],"replies":[{"embeddable":true,"href":"https:\/\/jcpodvin.si\/index.php\/wp-json\/wp\/v2\/comments?post=8"}],"version-history":[{"count":6,"href":"https:\/\/jcpodvin.si\/index.php\/wp-json\/wp\/v2\/pages\/8\/revisions"}],"predecessor-version":[{"id":136,"href":"https:\/\/jcpodvin.si\/index.php\/wp-json\/wp\/v2\/pages\/8\/revisions\/136"}],"wp:attachment":[{"href":"https:\/\/jcpodvin.si\/index.php\/wp-json\/wp\/v2\/media?parent=8"}],"curies":[{"name":"wp","href":"https:\/\/api.w.org\/{rel}","templated":true}]}}