{"id":9,"date":"2023-05-24T19:07:20","date_gmt":"2023-05-24T19:07:20","guid":{"rendered":"https:\/\/jcpodvin.si\/?page_id=9"},"modified":"2023-05-30T20:00:21","modified_gmt":"2023-05-30T20:00:21","slug":"vizitka","status":"publish","type":"page","link":"https:\/\/jcpodvin.si\/index.php\/vizitka\/","title":{"rendered":"O nas"},"content":{"rendered":"\n<figure class=\"wp-block-image size-full\"><img loading=\"lazy\" decoding=\"async\" width=\"960\" height=\"200\" src=\"https:\/\/jcpodvin.si\/wp-content\/uploads\/2023\/05\/Jahalni-center-podvin-grega-mihelcic-banner.jpg\" alt=\"\" class=\"wp-image-64\" srcset=\"https:\/\/jcpodvin.si\/wp-content\/uploads\/2023\/05\/Jahalni-center-podvin-grega-mihelcic-banner.jpg 960w, https:\/\/jcpodvin.si\/wp-content\/uploads\/2023\/05\/Jahalni-center-podvin-grega-mihelcic-banner-300x63.jpg 300w, https:\/\/jcpodvin.si\/wp-content\/uploads\/2023\/05\/Jahalni-center-podvin-grega-mihelcic-banner-768x160.jpg 768w\" sizes=\"auto, (max-width: 767px) 89vw, (max-width: 1000px) 54vw, (max-width: 1071px) 543px, 580px\" \/><\/figure>\n\n\n\n<div class=\"wp-block-columns is-layout-flex wp-container-core-columns-is-layout-9d6595d7 wp-block-columns-is-layout-flex\">\n<div class=\"wp-block-column is-layout-flow wp-block-column-is-layout-flow\">\n<p><strong>JAHALNI CENTER PODVIN<\/strong><\/p>\n\n\n\n<p><br>Jahalni center Podvin je nastal leta 1986 z namenom, da bi nudil strokovno delo z jaha\u010di in konji.<\/p>\n\n\n\n<p>Pokrita in zaprta osvetljena jahalnica, travnat trening prostor, izpusti za konje ter hlev s sedlarnico, garderobo in sanitarijami omogo\u010dajo kvaliteto. U\u010denje jahanja poteka pod strokovnim vodstvom Grege Mihel\u010di\u010da, u\u010ditelja z mednarodno licenco.<\/p>\n\n\n\n<p>Spo\u0161tovani ljubitelji konj in konjeni\u0161kega \u0161porta! Morda se boste vpra\u0161ali zakaj ravno jahalni center Podvin? Na\u0161 glavni argument je, da smo majhni in si vzamemo \u010das, da se dobro posvetimo vsakemu konju in jaha\u010du. Z natan\u010dnim in kvalitetnim delom ustvarjamo dobro delovno vzdu\u0161je. Vrhunski pogoji za treninge in strokovno delo omogo\u010dajo tudi dobre rezultate, ki so v veselje nam in vam.<\/p>\n\n\n\n<p>U\u010ditelj jahanja v Jahalnem centru Podvin je Grega Mihel\u010di\u010d. Za u\u010denje ima veljavno licenco pri Konjeni\u0161ki zvezi Slovenije.<\/p>\n<\/div>\n<\/div>\n\n\n\n<div class=\"wp-block-columns is-layout-flex wp-container-core-columns-is-layout-9d6595d7 wp-block-columns-is-layout-flex\">\n<div class=\"wp-block-column is-layout-flow wp-block-column-is-layout-flow\" style=\"flex-basis:33.33%\">\n<figure class=\"wp-block-image size-full\"><img loading=\"lazy\" decoding=\"async\" width=\"479\" height=\"720\" src=\"https:\/\/jcpodvin.si\/wp-content\/uploads\/2023\/05\/Jahalni-center-podvin-grega-mihelcic-predstavitev.jpg\" alt=\"\" class=\"wp-image-62\" srcset=\"https:\/\/jcpodvin.si\/wp-content\/uploads\/2023\/05\/Jahalni-center-podvin-grega-mihelcic-predstavitev.jpg 479w, https:\/\/jcpodvin.si\/wp-content\/uploads\/2023\/05\/Jahalni-center-podvin-grega-mihelcic-predstavitev-200x300.jpg 200w\" sizes=\"auto, (max-width: 479px) 100vw, 479px\" \/><\/figure>\n<\/div>\n\n\n\n<div class=\"wp-block-column is-layout-flow wp-block-column-is-layout-flow\" style=\"flex-basis:66.66%\">\n<p><strong>Grega Mihel\u010di\u010d \u2013 u\u010ditelj jahanja<\/strong><\/p>\n\n\n\n<p>Grega Mihel\u010di\u010d je za\u010del jahati na hipodromu Sto\u017eice v Ljubljani pod vodstvom Marice Ho\u010devar in Mojce Koren. V Lipici je jahal \u0161tiri leta (od 1977 dalje) pod vodstvom Klavdija Mavra in Du\u0161ana Mavca. Uspe\u0161no je tekmoval in bil visoko uvr\u0161\u010den na republi\u0161kih in dr\u017eavnih prvenstvih. Pot je nadaljeval v Waterstock Training Center v Veliki Britaniji pri Larsu Sederholm, svetovno znanem treterju militarije in preskakovanja ovir. V centru Larsa so se zbirala znana imena svetovnega jahanja in pod vodstvom mnogih je treniral in si \u0161iril znanje. Vsako leto se je za kraj\u0161e ali dalj\u0161e obdobje izpopolnjeval v Angliji. Od leta 1999 pa sodeluje z Nem\u0161kimi rejci hannoverancev in hol\u0161tajncev. Konje je pripravljal za razstave, teste, avkcije in tekmoval z njimi. Je aktiven tekmovalec z licenco M v dresuri in S v preskakovanju. Najve\u010dje uspehe je dosegel s hanoveransko kobilo Salvano.<\/p>\n\n\n\n<p>Izpit za u\u010ditelja jahanja je opravil pri KZS, v Italiji pa si je pridobil naziv mednarodni u\u010ditelj jahanja.<\/p>\n<\/div>\n<\/div>\n\n\n\n<div class=\"wp-block-columns is-layout-flex wp-container-core-columns-is-layout-9d6595d7 wp-block-columns-is-layout-flex\">\n<div class=\"wp-block-column is-layout-flow wp-block-column-is-layout-flow\" style=\"flex-basis:66.66%\">\n<p><strong>Bojana Vr\u0161\u010daj Mihel\u010di\u010d \u2013 profesorica \u0161portne vzgoje<\/strong><\/p>\n\n\n\n<p>Po dolgoletni 15 letni gimnasti\u010dni karieri (ve\u010dkratna dr\u017eavna prvakinja, Slovenska reprezentantka, uvr\u0161\u010dena na 5. mesto na svetovnem pokalu na parterju) se je zaljubila v mo\u017ea in v konje. Sedaj skupaj z mo\u017eem vodita jahalni center, njen prispevek pa je predvsem strokovna podpora na podro\u010dju \u0161porta in izobra\u017eevanja. Poleg tega, da je po strokovnem nazivu trenerka plesa in gimnastike ter u\u010di \u0161portno vzgojo na Gimnaziji \u0160entvid, ima resne cilje v prihodnosti postati tudi trenerka jahanja.<\/p>\n<\/div>\n\n\n\n<div class=\"wp-block-column is-layout-flow wp-block-column-is-layout-flow\" style=\"flex-basis:33.33%\">\n<figure class=\"wp-block-image size-large\"><img loading=\"lazy\" decoding=\"async\" width=\"681\" height=\"1024\" src=\"https:\/\/jcpodvin.si\/wp-content\/uploads\/2023\/05\/Jahalni-center-podvin-grega-bojana-mihelcic-vrescaj-681x1024.jpg\" alt=\"\" class=\"wp-image-63\" srcset=\"https:\/\/jcpodvin.si\/wp-content\/uploads\/2023\/05\/Jahalni-center-podvin-grega-bojana-mihelcic-vrescaj-681x1024.jpg 681w, https:\/\/jcpodvin.si\/wp-content\/uploads\/2023\/05\/Jahalni-center-podvin-grega-bojana-mihelcic-vrescaj-200x300.jpg 200w, https:\/\/jcpodvin.si\/wp-content\/uploads\/2023\/05\/Jahalni-center-podvin-grega-bojana-mihelcic-vrescaj-768x1155.jpg 768w, https:\/\/jcpodvin.si\/wp-content\/uploads\/2023\/05\/Jahalni-center-podvin-grega-bojana-mihelcic-vrescaj-1022x1536.jpg 1022w, https:\/\/jcpodvin.si\/wp-content\/uploads\/2023\/05\/Jahalni-center-podvin-grega-bojana-mihelcic-vrescaj.jpg 1362w\" sizes=\"auto, (max-width: 681px) 100vw, 681px\" \/><\/figure>\n<\/div>\n<\/div>\n","protected":false},"excerpt":{"rendered":"<p>JAHALNI CENTER PODVIN Jahalni center Podvin je nastal leta 1986 z namenom, da bi nudil strokovno delo z jaha\u010di in konji. Pokrita in zaprta osvetljena jahalnica, travnat trening prostor, izpusti za konje ter hlev s sedlarnico, garderobo in sanitarijami omogo\u010dajo kvaliteto. U\u010denje jahanja poteka pod strokovnim vodstvom Grege Mihel\u010di\u010da, u\u010ditelja z mednarodno licenco. Spo\u0161tovani ljubitelji &hellip; <\/p>\n<p class=\"link-more\"><a href=\"https:\/\/jcpodvin.si\/index.php\/vizitka\/\" class=\"more-link\">Preberi ve\u010d<span class=\"screen-reader-text\"> &#8220;O nas&#8221;<\/span><\/a><\/p>\n","protected":false},"author":2,"featured_media":0,"parent":0,"menu_order":0,"comment_status":"closed","ping_status":"closed","template":"","meta":{"footnotes":""},"class_list":["post-9","page","type-page","status-publish","hentry"],"_links":{"self":[{"href":"https:\/\/jcpodvin.si\/index.php\/wp-json\/wp\/v2\/pages\/9","targetHints":{"allow":["GET"]}}],"collection":[{"href":"https:\/\/jcpodvin.si\/index.php\/wp-json\/wp\/v2\/pages"}],"about":[{"href":"https:\/\/jcpodvin.si\/index.php\/wp-json\/wp\/v2\/types\/page"}],"author":[{"embeddable":true,"href":"https:\/\/jcpodvin.si\/index.php\/wp-json\/wp\/v2\/users\/2"}],"replies":[{"embeddable":true,"href":"https:\/\/jcpodvin.si\/index.php\/wp-json\/wp\/v2\/comments?post=9"}],"version-history":[{"count":4,"href":"https:\/\/jcpodvin.si\/index.php\/wp-json\/wp\/v2\/pages\/9\/revisions"}],"predecessor-version":[{"id":66,"href":"https:\/\/jcpodvin.si\/index.php\/wp-json\/wp\/v2\/pages\/9\/revisions\/66"}],"wp:attachment":[{"href":"https:\/\/jcpodvin.si\/index.php\/wp-json\/wp\/v2\/media?parent=9"}],"curies":[{"name":"wp","href":"https:\/\/api.w.org\/{rel}","templated":true}]}}